{"id":113,"date":"2025-12-02T11:23:55","date_gmt":"2025-12-02T11:23:55","guid":{"rendered":"https:\/\/kattel.nl\/?page_id=113"},"modified":"2026-01-28T12:43:47","modified_gmt":"2026-01-28T12:43:47","slug":"tarieven","status":"publish","type":"page","link":"https:\/\/kattel.nl\/index.php\/tarieven\/","title":{"rendered":"Tarieven"},"content":{"rendered":"<div class=\"et_pb_section_0 et_pb_section et_section_regular et_flex_section\">\n<div class=\"et_pb_row_0 et_pb_row et_flex_row\">\n<div class=\"et_pb_column_0 et_pb_column et-last-child et_flex_column et_pb_css_mix_blend_mode_passthrough et_flex_column_24_24 et_flex_column_24_24_tablet et_flex_column_24_24_phone\">\n<div class=\"et_pb_text_0 et_pb_text et_pb_bg_layout_dark et_pb_module et_flex_module\"><div class=\"et_pb_text_inner\" data-et-mv-hidden-phone=\"true\"><h1 class=\"with-subtitle\">Tarieven 2026<\/h1>\n<h6 class=\"subtitle\">Neem gerust contact op als u meer wilt weten over onze tarieven\/prijzen. Prijswijzigingen onder voorbehoud.<\/h6>\n<h2 class=\"subtitle\">Onderstaande service is in de prijs inbegrepen!<\/h2>\n<\/div><\/div>\n<\/div>\n<\/div>\n\n<div class=\"et_pb_row_1 et_pb_row et_flex_row\">\n<div class=\"et_pb_column_1 et_pb_column et_flex_column et_pb_css_mix_blend_mode_passthrough et_flex_column_12_24 et_flex_column_12_24_tablet et_flex_column_24_24_phone\">\n<ul class=\"et_pb_icon_list_0 et_pb_icon_list et_pb_module et_flex_module\">\n<li class=\"et_pb_icon_list_item_0 et_pb_icon_list_item et_pb_module et_flex_module\"><span class=\"et-pb-icon\">\uf6be<\/span><div class=\"et_pb_icon_list_text\">Voeding (premium kwaliteit)<\/div><\/li>\n\n<li class=\"et_pb_icon_list_item_1 et_pb_icon_list_item et_pb_module et_flex_module\"><span class=\"et-pb-icon\">\uf6be<\/span><div class=\"et_pb_icon_list_text\">Vachtverzorging<\/div><\/li>\n\n<li class=\"et_pb_icon_list_item_2 et_pb_icon_list_item et_pb_module et_flex_module\"><span class=\"et-pb-icon\">\uf6be<\/span><div class=\"et_pb_icon_list_text\">Knuffelrondes<\/div><\/li>\n<\/ul>\n<\/div>\n\n<div class=\"et_pb_column_2 et_pb_column et-last-child et_flex_column et_pb_css_mix_blend_mode_passthrough et_flex_column_12_24 et_flex_column_12_24_tablet et_flex_column_24_24_phone\">\n<ul class=\"et_pb_icon_list_1 et_pb_icon_list et_pb_module et_flex_module\">\n<li class=\"et_pb_icon_list_item_3 et_pb_icon_list_item et_pb_module et_flex_module\"><span class=\"et-pb-icon\">\uf6be<\/span><div class=\"et_pb_icon_list_text\">Oren\/ogen reinigen<\/div><\/li>\n\n<li class=\"et_pb_icon_list_item_4 et_pb_icon_list_item et_pb_module et_flex_module\"><span class=\"et-pb-icon\">\uf6be<\/span><div class=\"et_pb_icon_list_text\">Scheerbeurt (optioneel)<\/div><\/li>\n\n<li class=\"et_pb_icon_list_item_5 et_pb_icon_list_item et_pb_module et_flex_module\"><span class=\"et-pb-icon\">\uf6be<\/span><div class=\"et_pb_icon_list_text\">Medicatie toedienen (indien nodig)<\/div><\/li>\n<\/ul>\n<\/div>\n<\/div>\n\n<div class=\"et_pb_row_2 et_pb_row et_flex_row\">\n<div class=\"et_pb_column_3 et_pb_column et-last-child et_flex_column et_pb_css_mix_blend_mode_passthrough et_flex_column_24_24 et_flex_column_24_24_tablet et_flex_column_24_24_phone\">\n<div class=\"et_pb_module et_pb_button_module_wrapper et_pb_button_0_wrapper\"><a class=\"et_pb_button_0 et_pb_button et_pb_bg_layout_light et_pb_module et_flex_module\" href=\"\">Tarieven groepsruimte<\/a><\/div>\n<\/div>\n<\/div>\n\n<div class=\"et_pb_row_3 et_pb_row et_flex_row\">\n<div class=\"et_pb_column_4 et_pb_column et_flex_column et_pb_css_mix_blend_mode_passthrough et_flex_column_8_24 et_flex_column_8_24_tablet et_flex_column_24_24_phone\">\n<div class=\"et_pb_blurb_0 et_pb_blurb et_pb_bg_layout_light et_pb_text_align_center et_pb_blurb_position_top et_pb_module et_flex_module\"><div class=\"et_pb_blurb_content et_flex_module\"><div class=\"et_pb_main_blurb_image\"><span class=\"et_pb_image_wrap\"><span class=\"et-pb-icon et-waypoint et_pb_animation_top et_pb_animation_top_tablet et_pb_animation_top_phone\">\uf6be<\/span><\/span><\/div><div class=\"et_pb_blurb_container\"><h3 class=\"et_pb_module_header\">1 KAT<\/h3><div class=\"et_pb_blurb_description\"><p>\u20ac 12,00 per dag<\/p>\n<\/div><\/div><\/div><\/div>\n<\/div>\n\n<div class=\"et_pb_column_5 et_pb_column et_flex_column et_pb_css_mix_blend_mode_passthrough et_flex_column_8_24 et_flex_column_8_24_tablet et_flex_column_24_24_phone\">\n<div class=\"et_pb_blurb_1 et_pb_blurb et_pb_bg_layout_light et_pb_text_align_center et_pb_blurb_position_top et_pb_module et_flex_module\"><div class=\"et_pb_blurb_content et_flex_module\"><div class=\"et_pb_main_blurb_image\"><span class=\"et_pb_image_wrap\"><span class=\"et-pb-icon et-waypoint et_pb_animation_top et_pb_animation_top_tablet et_pb_animation_top_phone\">\uf6be<\/span><\/span><\/div><div class=\"et_pb_blurb_container\"><h3 class=\"et_pb_module_header\">2 KATTEN<\/h3><div class=\"et_pb_blurb_description\"><p>\u20ac 20,00 per dag<\/p>\n<\/div><\/div><\/div><\/div>\n<\/div>\n\n<div class=\"et_pb_column_6 et_pb_column et-last-child et_flex_column et_pb_css_mix_blend_mode_passthrough et_flex_column_8_24 et_flex_column_8_24_tablet et_flex_column_24_24_phone\">\n<div class=\"et_pb_blurb_2 et_pb_blurb et_pb_bg_layout_light et_pb_text_align_center et_pb_blurb_position_top et_pb_module et_flex_module\"><div class=\"et_pb_blurb_content et_flex_module\"><div class=\"et_pb_main_blurb_image\"><span class=\"et_pb_image_wrap\"><span class=\"et-pb-icon et-waypoint et_pb_animation_top et_pb_animation_top_tablet et_pb_animation_top_phone\">\uf6be<\/span><\/span><\/div><div class=\"et_pb_blurb_container\"><h3 class=\"et_pb_module_header\">3 KATTEN<\/h3><div class=\"et_pb_blurb_description\"><p>\u20ac 28,00 per dag<\/p>\n<\/div><\/div><\/div><\/div>\n<\/div>\n<\/div>\n\n<div class=\"et_pb_row_4 et_pb_row et_flex_row\">\n<div class=\"et_pb_column_7 et_pb_column et-last-child et_flex_column et_pb_css_mix_blend_mode_passthrough et_flex_column_24_24 et_flex_column_24_24_tablet et_flex_column_24_24_phone\">\n<div class=\"et_pb_module et_pb_button_module_wrapper et_pb_button_1_wrapper\"><a class=\"et_pb_button_1 et_pb_button et_pb_bg_layout_light et_pb_module et_flex_module\" href=\"\">Priv\u00e9-suites uitsluitend telefonisch te reserveren<\/a><\/div>\n<\/div>\n<\/div>\n\n<div class=\"et_pb_row_5 et_pb_row et_flex_row\">\n<div class=\"et_pb_column_8 et_pb_column et-last-child et_flex_column et_pb_css_mix_blend_mode_passthrough et_flex_column_24_24 et_flex_column_24_24_tablet et_flex_column_24_24_phone\">\n<div class=\"et_pb_text_1 et_pb_text et_pb_bg_layout_light et_pb_module et_flex_module\"><div class=\"et_pb_text_inner\"><p>De priv\u00e9 verblijven zijn voor maximaal 5 katten uit \u00e9\u00e9n en hetzelfde gezin.<br \/>U kunt deze priv\u00e9-suites uitsluitend telefonisch reserveren.<\/p>\n<\/div><\/div>\n<\/div>\n<\/div>\n\n<div class=\"et_pb_row_6 et_pb_row et_flex_row\">\n<div class=\"et_pb_column_9 et_pb_column et-last-child et_flex_column et_pb_css_mix_blend_mode_passthrough et_flex_column_24_24 et_flex_column_24_24_tablet et_flex_column_24_24_phone\">\n<div class=\"et_pb_text_2 et_pb_text et_pb_bg_layout_light et_pb_module et_flex_module\"><\/div>\n<\/div>\n<\/div>\n<\/div>","protected":false},"excerpt":{"rendered":"","protected":false},"author":1,"featured_media":0,"parent":0,"menu_order":0,"comment_status":"closed","ping_status":"closed","template":"","meta":{"footnotes":""},"class_list":["post-113","page","type-page","status-publish","hentry"],"_links":{"self":[{"href":"https:\/\/kattel.nl\/index.php\/wp-json\/wp\/v2\/pages\/113","targetHints":{"allow":["GET"]}}],"collection":[{"href":"https:\/\/kattel.nl\/index.php\/wp-json\/wp\/v2\/pages"}],"about":[{"href":"https:\/\/kattel.nl\/index.php\/wp-json\/wp\/v2\/types\/page"}],"author":[{"embeddable":true,"href":"https:\/\/kattel.nl\/index.php\/wp-json\/wp\/v2\/users\/1"}],"replies":[{"embeddable":true,"href":"https:\/\/kattel.nl\/index.php\/wp-json\/wp\/v2\/comments?post=113"}],"version-history":[{"count":22,"href":"https:\/\/kattel.nl\/index.php\/wp-json\/wp\/v2\/pages\/113\/revisions"}],"predecessor-version":[{"id":437,"href":"https:\/\/kattel.nl\/index.php\/wp-json\/wp\/v2\/pages\/113\/revisions\/437"}],"wp:attachment":[{"href":"https:\/\/kattel.nl\/index.php\/wp-json\/wp\/v2\/media?parent=113"}],"curies":[{"name":"wp","href":"https:\/\/api.w.org\/{rel}","templated":true}]}}